{"id":17,"date":"2023-08-20T08:02:55","date_gmt":"2023-08-20T08:02:55","guid":{"rendered":"https:\/\/filpro.fr\/?page_id=17"},"modified":"2023-08-20T08:04:51","modified_gmt":"2023-08-20T08:04:51","slug":"acceuil","status":"publish","type":"page","link":"https:\/\/filpro.fr\/","title":{"rendered":"ACCEUIL"},"content":{"rendered":"\n<p>La quincaillerie FILPRO est \u00e0 votre disposition et vous propose diff\u00e9rent mat\u00e9riaux. En rayon, vous retrouverez de la boulonnerie, des grilles d&rsquo;a\u00e9ration et aussi des poign\u00e9es de porte. Faites-y un tour d\u00e8s \u00e0 pr\u00e9sent<\/p>\n\n\n\n<p class=\"has-text-align-center has-large-font-size\"><mark style=\"background-color:rgba(0, 0, 0, 0)\" class=\"has-inline-color has-black-color\"><strong>22 Rue du G\u00e9n Dufieux, 68650 Lapoutroie<\/strong><\/mark><\/p>\n\n\n\n<div class=\"wp-block-group\"><div class=\"wp-block-group__inner-container is-layout-constrained wp-block-group-is-layout-constrained\">\n<p class=\"has-text-align-center has-large-font-size\"><strong><a href=\"https:\/\/www.google.com\/search?client=firefox-b-d&amp;sca_esv=558516870&amp;sxsrf=AB5stBhLgioZoWgwUhhpKBtz0P8-OGFSFQ:1692518488518&amp;q=filpro+t%C3%A9l%C3%A9phone&amp;ludocid=15416387655705067586&amp;sa=X&amp;ved=2ahUKEwivpaLa4uqAAxUfcKQEHTclCBoQ6BN6BAg8EAI\">T\u00e9l\u00e9phone<\/a>&nbsp;: <a href=\"https:\/\/www.google.com\/search?client=firefox-b-d&amp;q=FILPRO#\">03 89 47 51 84<\/a><\/strong><\/p>\n\n\n\n<p class=\"has-text-align-center has-large-font-size\"><strong>Mail : info.contact@filpro.fr<\/strong><\/p>\n<\/div><\/div>\n","protected":false},"excerpt":{"rendered":"<p>La quincaillerie FILPRO est \u00e0 votre disposition et vous propose diff\u00e9rent mat\u00e9riaux. En rayon, vous retrouverez de la boulonnerie, des grilles d&rsquo;a\u00e9ration et aussi des poign\u00e9es de porte. Faites-y un tour d\u00e8s \u00e0 pr\u00e9sent 22 Rue du G\u00e9n Dufieux, 68650 Lapoutroie T\u00e9l\u00e9phone&nbsp;: 03 89 47 51 84 Mail : info.contact@filpro.fr<\/p>\n","protected":false},"author":1,"featured_media":0,"parent":0,"menu_order":0,"comment_status":"closed","ping_status":"closed","template":"","meta":{"footnotes":""},"class_list":["post-17","page","type-page","status-publish","hentry"],"_links":{"self":[{"href":"https:\/\/filpro.fr\/index.php\/wp-json\/wp\/v2\/pages\/17","targetHints":{"allow":["GET"]}}],"collection":[{"href":"https:\/\/filpro.fr\/index.php\/wp-json\/wp\/v2\/pages"}],"about":[{"href":"https:\/\/filpro.fr\/index.php\/wp-json\/wp\/v2\/types\/page"}],"author":[{"embeddable":true,"href":"https:\/\/filpro.fr\/index.php\/wp-json\/wp\/v2\/users\/1"}],"replies":[{"embeddable":true,"href":"https:\/\/filpro.fr\/index.php\/wp-json\/wp\/v2\/comments?post=17"}],"version-history":[{"count":2,"href":"https:\/\/filpro.fr\/index.php\/wp-json\/wp\/v2\/pages\/17\/revisions"}],"predecessor-version":[{"id":21,"href":"https:\/\/filpro.fr\/index.php\/wp-json\/wp\/v2\/pages\/17\/revisions\/21"}],"wp:attachment":[{"href":"https:\/\/filpro.fr\/index.php\/wp-json\/wp\/v2\/media?parent=17"}],"curies":[{"name":"wp","href":"https:\/\/api.w.org\/{rel}","templated":true}]}}